{"id":203,"date":"2020-06-16T10:15:51","date_gmt":"2020-06-16T10:15:51","guid":{"rendered":"https:\/\/www.gynecologue-bruxelles.com\/test-de-grossesse\/"},"modified":"2021-04-18T14:20:17","modified_gmt":"2021-04-18T14:20:17","slug":"doriti-sa-ramaneti-insarcinata-2","status":"publish","type":"page","link":"https:\/\/www.gynecologue-bruxelles.com\/ro\/doriti-sa-ramaneti-insarcinata-2\/","title":{"rendered":"\u00cenceputul sarcinei"},"content":{"rendered":"<p>[vc_row css=&#8221;.vc_custom_1592298034640{margin-top: 90px !important;margin-bottom: 90px !important;}&#8221; el_class=&#8221;inner-page-s1&#8243;][vc_column width=&#8221;1\/2&#8243;][vc_column_text]O \u00eent\u00e2rziere a ciclului menstrual \u0219i\/sau un test de sarcin\u0103 pozitiv reprezint\u0103 \u00eenceputul unei c\u0103l\u0103torii \u00een care ne revine pl\u0103cerea s\u0103 v\u0103 acompaniem.<\/p>\n<p>Exist\u0103 3 metode de diagnostic a unei sarcini enumerate \u00een ordinea folosirii lor:<\/p>\n<ul>\n<li>Teste urinare \u2013 se cump\u0103r\u0103 din farmacii f\u0103r\u0103 re\u021bet\u0103<\/li>\n<li>Analize de s\u00e2nge- utile \u00eentre 4 \u0219i 6 s\u0103pt\u0103m\u00e2ni de amenoree, realizabile pe baza unei prescrip\u021bii medicale dup\u0103 consulta\u021bie.<\/li>\n<li>Ecografia endovaginal\u0103 \u0219i\/sau abdominal\u0103 simpl\u0103 sau 4D, de preferin\u021b\u0103 dup\u0103 6 s\u0103pt\u0103m\u00e2ni de amenoree.<\/li>\n<\/ul>\n<p>Diagnosticarea rapid\u0103 \u0219i precis\u0103 a sarcinii \u0219i localiz\u0103rii acesteia permite evitarea complica\u021biilor unei posibile sarcini extrauterine.<\/p>\n<p>Diagnosticarea precoce a unei sarcini extrauterine permite cu rezultate satisf\u0103c\u0103toare tratamentul medicamentos \u00een ambulatoriu, recursul la chirurgie coelioscopic\u0103 fiind \u00een cazul nostru la sub 10%.[\/vc_column_text][vc_column_text]<a class=\"btn-style1\" href=\"#\" data-toggle=\"modal\" data-target=\"#calendar\">Face\u021bi o programare<\/a>[\/vc_column_text][\/vc_column][vc_column width=&#8221;1\/2&#8243;][vc_gallery interval=&#8221;3&#8243; images=&#8221;318&#8243; img_size=&#8221;700&#215;450&#8243;][\/vc_column][\/vc_row]<\/p>\n","protected":false},"excerpt":{"rendered":"<p>[vc_row css=&#8221;.vc_custom_1592298034640{margin-top: 90px !important;margin-bottom: 90px !important;}&#8221; el_class=&#8221;inner-page-s1&#8243;][vc_column width=&#8221;1\/2&#8243;][vc_column_text]O \u00eent\u00e2rziere a ciclului menstrual \u0219i\/sau un test de sarcin\u0103 pozitiv reprezint\u0103 \u00eenceputul unei c\u0103l\u0103torii \u00een care ne revine pl\u0103cerea s\u0103 v\u0103 acompaniem. Exist\u0103 3 metode de diagnostic a unei sarcini enumerate \u00een ordinea folosirii lor: Teste urinare \u2013 se cump\u0103r\u0103 din farmacii f\u0103r\u0103 re\u021bet\u0103 Analize de s\u00e2nge- [&hellip;]<\/p>\n","protected":false},"author":1,"featured_media":0,"parent":0,"menu_order":0,"comment_status":"closed","ping_status":"closed","template":"","meta":[],"_links":{"self":[{"href":"https:\/\/www.gynecologue-bruxelles.com\/ro\/wp-json\/wp\/v2\/pages\/203"}],"collection":[{"href":"https:\/\/www.gynecologue-bruxelles.com\/ro\/wp-json\/wp\/v2\/pages"}],"about":[{"href":"https:\/\/www.gynecologue-bruxelles.com\/ro\/wp-json\/wp\/v2\/types\/page"}],"author":[{"embeddable":true,"href":"https:\/\/www.gynecologue-bruxelles.com\/ro\/wp-json\/wp\/v2\/users\/1"}],"replies":[{"embeddable":true,"href":"https:\/\/www.gynecologue-bruxelles.com\/ro\/wp-json\/wp\/v2\/comments?post=203"}],"version-history":[{"count":12,"href":"https:\/\/www.gynecologue-bruxelles.com\/ro\/wp-json\/wp\/v2\/pages\/203\/revisions"}],"predecessor-version":[{"id":1877,"href":"https:\/\/www.gynecologue-bruxelles.com\/ro\/wp-json\/wp\/v2\/pages\/203\/revisions\/1877"}],"wp:attachment":[{"href":"https:\/\/www.gynecologue-bruxelles.com\/ro\/wp-json\/wp\/v2\/media?parent=203"}],"curies":[{"name":"wp","href":"https:\/\/api.w.org\/{rel}","templated":true}]}}