{"id":209,"date":"2020-06-16T10:18:26","date_gmt":"2020-06-16T10:18:26","guid":{"rendered":"https:\/\/www.gynecologue-bruxelles.com\/planification-familiale\/"},"modified":"2020-07-23T07:49:54","modified_gmt":"2020-07-23T07:49:54","slug":"metode-de-contraceptie","status":"publish","type":"page","link":"https:\/\/www.gynecologue-bruxelles.com\/ro\/metode-de-contraceptie\/","title":{"rendered":"Metode de contracep\u021bie"},"content":{"rendered":"<p>[vc_row css=&#8221;.vc_custom_1592298034640{margin-top: 90px !important;margin-bottom: 90px !important;}&#8221; el_class=&#8221;inner-page-s1&#8243;][vc_column width=&#8221;1\/2&#8243;][vc_column_text]\u00cenainte de a alege varianta adecvat\u0103 de contracep\u021bie pentru dumneavoastr\u0103, \u00eenainte de a discuta cu medicul ginecolog, trebuie s\u0103 r\u0103spunde\u021bi la c\u00e2teva \u00eentreb\u0103ri despre nevoile dumneavoastr\u0103, despre stilul dumneavoastr\u0103 de via\u021b\u0103, istoricul medical, preferin\u021bele contraceptive, experien\u021bele anterioare, via\u021ba emo\u021bional\u0103 \u0219i de familie.<\/p>\n<p>Alegerea contracep\u021biei potrivite \u00eenseamn\u0103 a avea o calitate bun\u0103 a vie\u021bii, motiv pentru care consultarea de planificare familial\u0103 r\u0103m\u00e2ne esen\u021bial\u0103 \u00eentre 14 \u0219i 45 de ani.<\/p>\n<p>Alegerea este uneori dificil\u0103, av\u00e2nd \u00een vedere o multitudine de metode:<\/p>\n<ul>\n<li>Preparate estroprogestative sau progestative<\/li>\n<li>Patch-ul hormonal<\/li>\n<li>Inelul vaginal<\/li>\n<li>Sterilet de cupru\/argint\/aur sau diferite tipuri de sterilete hormonale care pot provoca absen\u021ba menstrua\u021biilor<\/li>\n<li>Metoda chirurgical\u0103 &#8211; legarea trompelor uterine (\u00een timpul unei cezariene sau interven\u021bii laparoscopice) sau salpingectomie bilateral\u0103.<\/li>\n<\/ul>\n<p>[\/vc_column_text][vc_column_text]<a class=\"btn-style1\" href=\"#\" data-toggle=\"modal\" data-target=\"#calendar\">Faceti o programare<\/a>[\/vc_column_text][\/vc_column][vc_column width=&#8221;1\/2&#8243;][vc_gallery interval=&#8221;3&#8243; images=&#8221;129,302&#8243; img_size=&#8221;650&#215;400&#8243; el_class=&#8221;gallery_images&#8221;][\/vc_column][\/vc_row]<\/p>\n","protected":false},"excerpt":{"rendered":"<p>[vc_row css=&#8221;.vc_custom_1592298034640{margin-top: 90px !important;margin-bottom: 90px !important;}&#8221; el_class=&#8221;inner-page-s1&#8243;][vc_column width=&#8221;1\/2&#8243;][vc_column_text]\u00cenainte de a alege varianta adecvat\u0103 de contracep\u021bie pentru dumneavoastr\u0103, \u00eenainte de a discuta cu medicul ginecolog, trebuie s\u0103 r\u0103spunde\u021bi la c\u00e2teva \u00eentreb\u0103ri despre nevoile dumneavoastr\u0103, despre stilul dumneavoastr\u0103 de via\u021b\u0103, istoricul medical, preferin\u021bele contraceptive, experien\u021bele anterioare, via\u021ba emo\u021bional\u0103 \u0219i de familie. Alegerea contracep\u021biei potrivite \u00eenseamn\u0103 a avea [&hellip;]<\/p>\n","protected":false},"author":1,"featured_media":0,"parent":0,"menu_order":0,"comment_status":"closed","ping_status":"closed","template":"","meta":[],"_links":{"self":[{"href":"https:\/\/www.gynecologue-bruxelles.com\/ro\/wp-json\/wp\/v2\/pages\/209"}],"collection":[{"href":"https:\/\/www.gynecologue-bruxelles.com\/ro\/wp-json\/wp\/v2\/pages"}],"about":[{"href":"https:\/\/www.gynecologue-bruxelles.com\/ro\/wp-json\/wp\/v2\/types\/page"}],"author":[{"embeddable":true,"href":"https:\/\/www.gynecologue-bruxelles.com\/ro\/wp-json\/wp\/v2\/users\/1"}],"replies":[{"embeddable":true,"href":"https:\/\/www.gynecologue-bruxelles.com\/ro\/wp-json\/wp\/v2\/comments?post=209"}],"version-history":[{"count":9,"href":"https:\/\/www.gynecologue-bruxelles.com\/ro\/wp-json\/wp\/v2\/pages\/209\/revisions"}],"predecessor-version":[{"id":562,"href":"https:\/\/www.gynecologue-bruxelles.com\/ro\/wp-json\/wp\/v2\/pages\/209\/revisions\/562"}],"wp:attachment":[{"href":"https:\/\/www.gynecologue-bruxelles.com\/ro\/wp-json\/wp\/v2\/media?parent=209"}],"curies":[{"name":"wp","href":"https:\/\/api.w.org\/{rel}","templated":true}]}}