{"id":248,"date":"2020-06-16T10:53:44","date_gmt":"2020-06-16T10:53:44","guid":{"rendered":"https:\/\/www.gynecologue-bruxelles.com\/a-propos-de-nous\/"},"modified":"2020-07-23T07:55:55","modified_gmt":"2020-07-23T07:55:55","slug":"despre-noi","status":"publish","type":"page","link":"https:\/\/www.gynecologue-bruxelles.com\/ro\/despre-noi\/","title":{"rendered":"Despre noi"},"content":{"rendered":"<p>[vc_row content_placement=&#8221;middle&#8221; css=&#8221;.vc_custom_1595422345324{margin-top: 0px !important;margin-bottom: 0px !important;padding-bottom: 50px !important;}&#8221; el_class=&#8221;inner-page-s1&#8243;][vc_column width=&#8221;1\/2&#8243;][vc_custom_heading text=&#8221;Bine a\u021bi venit la cabinetul nostru&#8221; font_container=&#8221;tag:h3|font_size:40px|text_align:left|line_height:40px&#8221; use_theme_fonts=&#8221;yes&#8221; css=&#8221;.vc_custom_1595412317625{margin-top: 0px !important;}&#8221;][vc_column_text]Grija pentru pacien\u021bii no\u0219tri, aten\u021bia cu care trat\u0103m fiecare caz, \u00een\u021belegerea problemelor \u0219i adaptabilitatea noastr\u0103 pentru fiecare pacient sunt motivele pentru care majoritatea pacien\u021bilor apeleaz\u0103 la noi \u0219i revin de fiecare dat\u0103 pentru un control de rutin\u0103, pentru na\u0219tere sau pentru rezolvarea unor cazuri clinice mai deosebite. \u00cencerc\u0103m prin serviciile noastre de calitate s\u0103 transform\u0103m vizita la cabinetul nostru \u00eentr-o experien\u021b\u0103 pl\u0103cut\u0103, f\u0103r\u0103 barierele clasice doctor-pacient. \u0218tim c\u00e2t de stresant poate s\u0103 fie uneori un consult medical \u0219i de asta acord\u0103m toat\u0103 aten\u021bia noastr\u0103 fiec\u0103rui pacient, oferind cele mai bune solu\u021bii de rezolvare a fiec\u0103rui caz.<\/p>\n<p>Cabinetul nostru se g\u0103se\u0219te \u00een localitatea Overijse \u2013 rue Hengstenberg 179, 3090 Overijse \u00een vecin\u0103tatea cartierului Auderghem (Bruxelles). Accesul cu ma\u0219ina este simplu, ie\u0219irea Overijse de pe E 411 iar parcarea este disponibil\u0103 gratuit \u00een fa\u021ba cabinetului. Accesul cu autobuzul este posibil cu DeLijn cu plecarea din Hermann DeBroux.<\/p>\n<p>Pentru consulta\u021biile la CABINETUL DIN OVERIJSE v\u0103 rug\u0103m s\u0103 folosi\u021bi formularul de programare online.<\/p>\n<p>Pentru consulta\u021biile \u00een celelalte cabinete v\u0103 rug\u0103m s\u0103 ne contacta\u021bi direct pe numerele de telefon afi\u0219ate.<\/p>\n<p>Num\u0103rul de mobil 0471830413 este pentru URGEN\u021aE OPERATORII \u0219i v\u0103 invit\u0103m s\u0103 folosi\u021bi sms-urile \u00een comunicarea cu secretariatul nostru.<\/p>\n<p>Na\u0219terile au loc la spitalul DELTA, Boulevard du Triomphe 201, 1160 Auderghem.<\/p>\n<p>Clinica este renumit\u0103 \u00een special pentru expertiza sa \u00een chirurgie \u0219i este echipat\u0103 cu cele mai noi tehnologii \u00een chirurgia minim invaziv\u0103.<\/p>\n<p>Maternitatea Edith Cavell beneficiaz\u0103 de o lung\u0103 tradi\u021bie medical\u0103, cl\u0103direa are un design special conceput pentru ca pacien\u021bii s\u0103 se simt\u0103 pe deplin siguri \u0219i confortabili iar serviciile oferite sunt la cele mai \u00eenalte standarde.<\/p>\n<p>&nbsp;<\/p>\n<p>V\u0103 mul\u021bumim pentru \u00eencrederea pe care ne-o acorda\u021bi![\/vc_column_text][vc_column_text]<a class=\"btn-style1\" href=\"#\" data-toggle=\"modal\" data-target=\"#calendar\">Faceti o programare<\/a>[\/vc_column_text][\/vc_column][vc_column width=&#8221;1\/2&#8243;][vc_single_image image=&#8221;504&#8243; img_size=&#8221;full&#8221;][\/vc_column][\/vc_row][vc_row gap=&#8221;10&#8243; content_placement=&#8221;middle&#8221;][vc_column css=&#8221;.vc_custom_1595412209281{margin-right: 20px !important;margin-left: 80px !important;}&#8221;][vc_gallery type=&#8221;image_grid&#8221; images=&#8221;41,61,59,60&#8243; img_size=&#8221;300&#215;300&#8243;][\/vc_column][\/vc_row]<\/p>\n","protected":false},"excerpt":{"rendered":"<p>[vc_row content_placement=&#8221;middle&#8221; css=&#8221;.vc_custom_1595422345324{margin-top: 0px !important;margin-bottom: 0px !important;padding-bottom: 50px !important;}&#8221; el_class=&#8221;inner-page-s1&#8243;][vc_column width=&#8221;1\/2&#8243;][vc_custom_heading text=&#8221;Bine a\u021bi venit la cabinetul nostru&#8221; font_container=&#8221;tag:h3|font_size:40px|text_align:left|line_height:40px&#8221; use_theme_fonts=&#8221;yes&#8221; css=&#8221;.vc_custom_1595412317625{margin-top: 0px !important;}&#8221;][vc_column_text]Grija pentru pacien\u021bii no\u0219tri, aten\u021bia cu care trat\u0103m fiecare caz, \u00een\u021belegerea problemelor \u0219i adaptabilitatea noastr\u0103 pentru fiecare pacient sunt motivele pentru care majoritatea pacien\u021bilor apeleaz\u0103 la noi \u0219i revin de fiecare dat\u0103 pentru un [&hellip;]<\/p>\n","protected":false},"author":1,"featured_media":0,"parent":0,"menu_order":0,"comment_status":"closed","ping_status":"closed","template":"","meta":[],"_links":{"self":[{"href":"https:\/\/www.gynecologue-bruxelles.com\/ro\/wp-json\/wp\/v2\/pages\/248"}],"collection":[{"href":"https:\/\/www.gynecologue-bruxelles.com\/ro\/wp-json\/wp\/v2\/pages"}],"about":[{"href":"https:\/\/www.gynecologue-bruxelles.com\/ro\/wp-json\/wp\/v2\/types\/page"}],"author":[{"embeddable":true,"href":"https:\/\/www.gynecologue-bruxelles.com\/ro\/wp-json\/wp\/v2\/users\/1"}],"replies":[{"embeddable":true,"href":"https:\/\/www.gynecologue-bruxelles.com\/ro\/wp-json\/wp\/v2\/comments?post=248"}],"version-history":[{"count":28,"href":"https:\/\/www.gynecologue-bruxelles.com\/ro\/wp-json\/wp\/v2\/pages\/248\/revisions"}],"predecessor-version":[{"id":567,"href":"https:\/\/www.gynecologue-bruxelles.com\/ro\/wp-json\/wp\/v2\/pages\/248\/revisions\/567"}],"wp:attachment":[{"href":"https:\/\/www.gynecologue-bruxelles.com\/ro\/wp-json\/wp\/v2\/media?parent=248"}],"curies":[{"name":"wp","href":"https:\/\/api.w.org\/{rel}","templated":true}]}}