{"id":272,"date":"2020-06-16T11:46:06","date_gmt":"2020-06-16T11:46:06","guid":{"rendered":"https:\/\/www.gynecologue-bruxelles.com\/?page_id=272"},"modified":"2022-11-22T08:54:58","modified_gmt":"2022-11-22T08:54:58","slug":"dr-cristea-oana-maria","status":"publish","type":"page","link":"https:\/\/www.gynecologue-bruxelles.com\/ro\/dr-cristea-oana-maria\/","title":{"rendered":"Dr. Cristea Oana Maria"},"content":{"rendered":"<p>[vc_row el_class=&#8221;member-s1&#8243;][vc_column width=&#8221;1\/3&#8243;][vc_single_image image=&#8221;273&#8243; img_size=&#8221;full&#8221;][vc_column_text]<\/p>\n<ul class=\"member-checks\">\n<li>rue Hengstenberg 179, 3090 Overijse<\/li>\n<li>drcristea@gynecologue-bruxelles.com<\/li>\n<li>0471830413 &#8211; sms de preferin\u021b\u0103, numai pentru urgen\u021be operatorii<\/li>\n<\/ul>\n<p>[\/vc_column_text][vc_column_text]<a class=\"btn-style1\" href=\"#\" data-toggle=\"modal\" data-target=\"#calendar\">Faceti o programare<\/a>[\/vc_column_text][\/vc_column][vc_column width=&#8221;2\/3&#8243;][vc_custom_heading text=&#8221;Dr. Cristea Oana Maria&#8221; font_container=&#8221;tag:h5|text_align:center&#8221; use_theme_fonts=&#8221;yes&#8221;][vc_column_text]<\/p>\n<ul>\n<li>Urm\u0103rirea sarcinilor \u0219i asisten\u021b\u0103 la na\u0219tere la Maternitatea Clinicii Delta.<\/li>\n<li>Ecografii obstetricale morfologice (4D) \u0219i ecografii ginecologice<\/li>\n<li>Tratamentul medical \u0219i chirurgical al patologiilor ginecologice\u00a0 benigne \u2013 chi\u0219ti ovarieni, fibromatoz\u0103 uterin\u0103, polipi, endometrioz\u0103 pelvin\u0103<\/li>\n<li>Chirurgie vaginal\u0103 \u0219i laparoscopic\u0103<\/li>\n<li>Chirurgia prolapsului genital \u0219i a incontinen\u021bei urinare<\/li>\n<li>Patologie cervico-vaginal\u0103 \u0219i a infec\u021biilor HPV: colposcopie \u0219i biopsie cervical\u0103<\/li>\n<li>Senologie; Infertilitate;<\/li>\n<li>Contraceptie \u0219i \u00eentreruperi de sarcin\u0103 prin metoda medicamentoas\u0103 sau aspira\u021bie<\/li>\n<\/ul>\n<p>[\/vc_column_text][vc_custom_heading text=&#8221;Formarea medicala continua a inclus&#8221; font_container=&#8221;tag:h4|text_align:center&#8221; use_theme_fonts=&#8221;yes&#8221;][vc_column_text]<\/p>\n<ul class=\"diplome\">\n<li>DIU nationale Fran\u00e7aise <strong>d\u2019Echographie en gyn\u00e9cologie et obst\u00e9trique<\/strong> \u00e0 la Facult\u00e9 de M\u00e9decine de Strasbourg, 2012-2013<\/li>\n<li>DIU de <strong>S\u00e9nologie<\/strong> \u00e0 l\u2019Universit\u00e9 \u2018Claude Bernard\u2019, Lyon, 2011-2012<\/li>\n<li>Dipl\u00f4me en <strong>Assistance M\u00e9dicale \u00e0 la Procr\u00e9ation<\/strong> de la Facult\u00e9 de m\u00e9decine de Montpellier-N\u00eemes, 2010-2011<\/li>\n<li>DIU de <strong>Chirurgie Vaginale<\/strong> \u00e0 l\u2019Universit\u00e9 \u2018Claude Bernard\u2019 Lyon, 2009-2010<\/li>\n<li>DIU de <strong>Pathologie Cervico-Vaginale<\/strong> \u00e0 la Facult\u00e9 de m\u00e9decine d\u2019Amiens, 2009-2010<\/li>\n<li>Dipl\u00f4me <strong>d\u2019Endoscopie Op\u00e9ratoire en Gyn\u00e9cologie<\/strong> \u00e0 l\u2019Universit\u00e9 d\u2019Auvergne, Clermont-Ferrand, 2007-2008<\/li>\n<\/ul>\n<p>[\/vc_column_text][vc_custom_heading text=&#8221;Pentru program\u0103ri&#8221; font_container=&#8221;tag:h4|text_align:center&#8221; use_theme_fonts=&#8221;yes&#8221; css=&#8221;.vc_custom_1595432825741{margin-top: 80px !important;}&#8221;][vc_separator color=&#8221;juicy_pink&#8221; border_width=&#8221;4&#8243;][vc_column_text]<strong>LUNI diminea\u021b\u0103 9h-12h &#8211; <em>CABINET MEDICAL OVERIJSE<\/em>, <\/strong>rue Hengstenberg 179, 3090 Overijse<br \/>\nTelefon de contact: 0471830413 (sms)<br \/>\nwww.gynecologue-bruxelles.com<\/p>\n<p><strong>LUNI dup\u0103 amiaz\u0103 14h-18h &#8211;\u00a0<em>Clinique EDITH CAVELL<\/em><\/strong>, rue Edith CAVELL 32, 1180 UCCLE, etaj 2, cabinet 11<br \/>\nTelefon de contact : 02.434.81.00<br \/>\nwww.chirec.be[\/vc_column_text][vc_separator color=&#8221;juicy_pink&#8221; border_width=&#8221;4&#8243;][vc_column_text]<strong>MARTI diminea\u021b\u0103 10h30-12h30 &#8211;\u00a0<em>CITY CLINIC<\/em><\/strong>, Avenue Louise 235 B, 1000 Bruxelles<br \/>\nTelefon de contact : 02.434.20.00<br \/>\nwww.city-clinic.be\/fr<\/p>\n<p><strong>MARTI dup\u0103 amiaz\u0103 14h-18h-\u00a0<em>HOPITAL DELTA<\/em><\/strong>, boulevard du Triomphe, 201, 1160 AUDERGHEM &#8211; etaj 1, cabinet 6<br \/>\nTelefon de contact : 02.434.81.00<br \/>\nwww.chirec.be[\/vc_column_text][vc_separator color=&#8221;juicy_pink&#8221; border_width=&#8221;4&#8243;][vc_column_text]<strong>MIERCURI diminea\u021b\u0103 9h-13h-\u00a0<em>HOPITAL DELTA<\/em><\/strong>, boulevard du Triomphe 201, 1160 AUDERGHEM &#8211; etaj 1, cabinet 6<br \/>\nTelefon de contact : 02.434.81.00<br \/>\nwww.chirec.be[\/vc_column_text][vc_separator color=&#8221;juicy_pink&#8221; border_width=&#8221;4&#8243;][vc_column_text]<strong>JOI diminea\u021b\u0103 8h30-12h &#8211; <em>CABINET\u00a0 OVERIJSE<\/em>,\u00a0 <\/strong>rue Hengstenberg 179, 3090 Overijse<strong>\u00a0<\/strong><br \/>\nTelefon de contact : 0471830413 (sms)<br \/>\nwww.gynecologue-bruxelles.com[\/vc_column_text][vc_separator color=&#8221;juicy_pink&#8221; border_width=&#8221;4&#8243;][vc_column_text]<strong>VINERI 9h-17h \u2013 <em>CABINET MEDICAL OVERIJSE<\/em><\/strong>, rue Hengstenberg 179, 3090 Overijse<br \/>\nTelefon de contact: 0471830413 (sms)<br \/>\nwww.gynecologue-bruxelles.com[\/vc_column_text][vc_separator color=&#8221;juicy_pink&#8221; border_width=&#8221;4&#8243;][vc_column_text]<strong>S\u00c2MB\u0102T\u0102 diminea\u021b\u0103 9h-14h \u2013<em>CENTRUL MEDICAL GRIBAUMONT (CMG)<\/em>, <\/strong>Avenue de Broqueville 204, 1200 Woluwe Saint Lambert<br \/>\nTelefon de contact: 0471830413 (sms)\u00a0\/ 022111400<br \/>\n<a href=\"http:\/\/www.cmgmed.be\/\">www.cmgmed.be<\/a>[\/vc_column_text][\/vc_column][\/vc_row]<\/p>\n","protected":false},"excerpt":{"rendered":"<p>[vc_row el_class=&#8221;member-s1&#8243;][vc_column width=&#8221;1\/3&#8243;][vc_single_image image=&#8221;273&#8243; img_size=&#8221;full&#8221;][vc_column_text] rue Hengstenberg 179, 3090 Overijse drcristea@gynecologue-bruxelles.com 0471830413 &#8211; sms de preferin\u021b\u0103, numai pentru urgen\u021be operatorii [\/vc_column_text][vc_column_text]Faceti o programare[\/vc_column_text][\/vc_column][vc_column width=&#8221;2\/3&#8243;][vc_custom_heading text=&#8221;Dr. Cristea Oana Maria&#8221; font_container=&#8221;tag:h5|text_align:center&#8221; use_theme_fonts=&#8221;yes&#8221;][vc_column_text] Urm\u0103rirea sarcinilor \u0219i asisten\u021b\u0103 la na\u0219tere la Maternitatea Clinicii Delta. Ecografii obstetricale morfologice (4D) \u0219i ecografii ginecologice Tratamentul medical \u0219i chirurgical al patologiilor ginecologice\u00a0 benigne [&hellip;]<\/p>\n","protected":false},"author":1,"featured_media":0,"parent":0,"menu_order":0,"comment_status":"closed","ping_status":"closed","template":"","meta":[],"_links":{"self":[{"href":"https:\/\/www.gynecologue-bruxelles.com\/ro\/wp-json\/wp\/v2\/pages\/272"}],"collection":[{"href":"https:\/\/www.gynecologue-bruxelles.com\/ro\/wp-json\/wp\/v2\/pages"}],"about":[{"href":"https:\/\/www.gynecologue-bruxelles.com\/ro\/wp-json\/wp\/v2\/types\/page"}],"author":[{"embeddable":true,"href":"https:\/\/www.gynecologue-bruxelles.com\/ro\/wp-json\/wp\/v2\/users\/1"}],"replies":[{"embeddable":true,"href":"https:\/\/www.gynecologue-bruxelles.com\/ro\/wp-json\/wp\/v2\/comments?post=272"}],"version-history":[{"count":13,"href":"https:\/\/www.gynecologue-bruxelles.com\/ro\/wp-json\/wp\/v2\/pages\/272\/revisions"}],"predecessor-version":[{"id":6480,"href":"https:\/\/www.gynecologue-bruxelles.com\/ro\/wp-json\/wp\/v2\/pages\/272\/revisions\/6480"}],"wp:attachment":[{"href":"https:\/\/www.gynecologue-bruxelles.com\/ro\/wp-json\/wp\/v2\/media?parent=272"}],"curies":[{"name":"wp","href":"https:\/\/api.w.org\/{rel}","templated":true}]}}