{"id":348,"date":"2020-06-21T10:38:57","date_gmt":"2020-06-21T10:38:57","guid":{"rendered":"https:\/\/www.gynecologue-bruxelles.com\/?page_id=348"},"modified":"2021-04-25T17:03:48","modified_gmt":"2021-04-25T17:03:48","slug":"urmarirea-sarcinei","status":"publish","type":"page","link":"https:\/\/www.gynecologue-bruxelles.com\/ro\/urmarirea-sarcinei\/","title":{"rendered":"Urm\u0103rirea sarcinei"},"content":{"rendered":"<p>[vc_row content_placement=&#8221;middle&#8221; css=&#8221;.vc_custom_1595443574232{margin-top: 90px !important;margin-bottom: 90px !important;}&#8221; el_class=&#8221;inner-page-s1&#8243;][vc_column width=&#8221;1\/2&#8243;][vc_column_text]Consulta\u021biile prenatale, respectiv urm\u0103rirea sarcinii se desf\u0103\u0219oar\u0103 sub acela\u0219i principiu al minimului risc pentru mam\u0103 \u0219i cel mai pre\u021bios cadou al vie\u021bii &#8211; copilul.<\/p>\n<p>Consulta\u021bille prenatale sunt lunare, ritmate de cele 3 ecografii morfologice p\u00e2n\u0103 la 36 de s\u0103pt\u0103m\u00e2ni de sarcin\u0103. \u00cen intervalul 36-40 s\u0103pt\u0103m\u00e2ni de amenoree (termenul) ele devin s\u0103pt\u0103m\u00e2nale fiind asociate \u00een toate cazurile de o ecografie de cre\u0219tere fetal\u0103.<\/p>\n<p>Dup\u0103 termen pacientele se vor adresa la Secretariatul Maternitatii Delta 024348273 pentru monitoriz\u0103ri cardiotocografice la fiecare 48 de ore.<\/p>\n<p>\u00cen func\u021bie de condi\u021biile locale, starea mamei \u0219i a &#8220;puiului&#8221;, o declan\u0219are poate fi preconizat\u0103 \u00eencep\u00e2nd de la 41 s\u0103pt\u0103m\u00e2ni de amenoree.<\/p>\n<p>Pentru patologii medicale asociate sarcinii gen hipertensiune arterial\u0103, diabet, tromboze venoase sau chirurgicale, echipa Clinicii Delta va fi contactat\u0103 \u0219i se va ocupa de Dumneavoastra.<\/p>\n<p>&nbsp;<\/p>\n<p><strong>NA\u0218TEREA <\/strong><\/p>\n<p>Pacientele noastre nasc la Spitalul privat Delta, o maternitate nivel 3, modern\u0103, cu peste 3300 de na\u0219teri, noi garantandu-v\u0103 personalizarea na\u0219terii &#8211; na\u0219te\u021bi cu ginecologul dumneavoastr\u0103 sau cu \u00eenlocuitorul acestuia (chirurgi ginecologi cu experien\u021b\u0103).<\/p>\n<p>Abordarea na\u0219terii este c\u00e2t mai natural posibil, dar pacientele pot apela la o anestezie peridural\u0103 pe parcursul travaliului.<\/p>\n<p>Pacientele se vor adresa direct maternit\u0103\u021bii (024348274) \u0219i se vor deplasa de la apari\u021bia semnelor de travaliu \u2013 contrac\u021bii uterine dureroase (2-3 la 10 minute), s\u00e2ngerare sau ruperea membranelor &#8211; scurgere important\u0103 a unui lichid incolor.<\/p>\n<p>&nbsp;<\/p>\n<p>Gestiunea durerii na\u0219terii r\u0103m\u00e2ne una dintre priorit\u0103\u021bile noastre:<\/p>\n<ul>\n<li>\u00cenaintea na\u0219terii \u00eencuraj\u0103m participarea la \u0219edinte de formare cu kinesiterapeut<\/li>\n<li>\u00cen timpul dilat\u0103rii \u00een s\u0103lile de na\u0219teri ave\u021bi jacuzzi cu ap\u0103 cald\u0103 ce pot estompa durerea<\/li>\n<li>\u0218i bine\u00eenteles anestezia peridural\u0103<\/li>\n<\/ul>\n<p>&nbsp;<\/p>\n<p><strong>Opera\u021bia CEZARIAN\u0102<\/strong><\/p>\n<p>Noi practic\u0103m cezariene de manier\u0103 regulat\u0103 cu un timp de spitalizare variind \u00eentre 2-4 zile \u00een func\u021bie de necesit\u0103\u021bile bebelu\u0219ului, mama fiind autonom\u0103 \u00eencep\u00e2nd \u00een medie la 48 de ore dup\u0103 interven\u021bie.<\/p>\n<p>Cicatricea este relativ redus\u0103, la \u00een\u0103l\u021bimea chilotului, fiind mascat\u0103 de costumul de baie.<\/p>\n<p>Interven\u021biile se practic\u0103 cu anestezie rahidian\u0103 cuplat\u0103 cu peridural\u0103 care confer\u0103 mamei confortul necesar \u0219i pl\u0103cerea primelor clipe de via\u021b\u0103 ale &#8220;pui\u0219orului&#8221;.<\/p>\n<p>Dup\u0103 un scurt control f\u0103cut de medicul pediatru, &#8220;puisorul&#8221; revine la p\u0103rin\u021bi \u00een contact piele la piele.<\/p>\n<p>Agrafele se vor scoate la 7 zile dup\u0103 cezarian\u0103 \u0219i va urma o perioad\u0103 de contracep\u021bie obligatorie pentru urm\u0103toarele 18 luni.[\/vc_column_text][vc_column_text]<a class=\"btn-style1\" href=\"#\" data-toggle=\"modal\" data-target=\"#calendar\">Faceti o programare<\/a>[\/vc_column_text][\/vc_column][vc_column width=&#8221;1\/2&#8243;][vc_gallery interval=&#8221;3&#8243; images=&#8221;538&#8243; img_size=&#8221;600&#215;1200&#8243;][\/vc_column][\/vc_row]<\/p>\n","protected":false},"excerpt":{"rendered":"<p>[vc_row content_placement=&#8221;middle&#8221; css=&#8221;.vc_custom_1595443574232{margin-top: 90px !important;margin-bottom: 90px !important;}&#8221; el_class=&#8221;inner-page-s1&#8243;][vc_column width=&#8221;1\/2&#8243;][vc_column_text]Consulta\u021biile prenatale, respectiv urm\u0103rirea sarcinii se desf\u0103\u0219oar\u0103 sub acela\u0219i principiu al minimului risc pentru mam\u0103 \u0219i cel mai pre\u021bios cadou al vie\u021bii &#8211; copilul. Consulta\u021bille prenatale sunt lunare, ritmate de cele 3 ecografii morfologice p\u00e2n\u0103 la 36 de s\u0103pt\u0103m\u00e2ni de sarcin\u0103. \u00cen intervalul 36-40 s\u0103pt\u0103m\u00e2ni de amenoree [&hellip;]<\/p>\n","protected":false},"author":1,"featured_media":0,"parent":0,"menu_order":0,"comment_status":"closed","ping_status":"closed","template":"","meta":[],"_links":{"self":[{"href":"https:\/\/www.gynecologue-bruxelles.com\/ro\/wp-json\/wp\/v2\/pages\/348"}],"collection":[{"href":"https:\/\/www.gynecologue-bruxelles.com\/ro\/wp-json\/wp\/v2\/pages"}],"about":[{"href":"https:\/\/www.gynecologue-bruxelles.com\/ro\/wp-json\/wp\/v2\/types\/page"}],"author":[{"embeddable":true,"href":"https:\/\/www.gynecologue-bruxelles.com\/ro\/wp-json\/wp\/v2\/users\/1"}],"replies":[{"embeddable":true,"href":"https:\/\/www.gynecologue-bruxelles.com\/ro\/wp-json\/wp\/v2\/comments?post=348"}],"version-history":[{"count":6,"href":"https:\/\/www.gynecologue-bruxelles.com\/ro\/wp-json\/wp\/v2\/pages\/348\/revisions"}],"predecessor-version":[{"id":1957,"href":"https:\/\/www.gynecologue-bruxelles.com\/ro\/wp-json\/wp\/v2\/pages\/348\/revisions\/1957"}],"wp:attachment":[{"href":"https:\/\/www.gynecologue-bruxelles.com\/ro\/wp-json\/wp\/v2\/media?parent=348"}],"curies":[{"name":"wp","href":"https:\/\/api.w.org\/{rel}","templated":true}]}}